{"id":378,"date":"2021-01-31T19:27:21","date_gmt":"2021-01-31T18:27:21","guid":{"rendered":"https:\/\/mugar.cl\/nuevo\/?page_id=378"},"modified":"2021-04-26T16:34:04","modified_gmt":"2021-04-26T14:34:04","slug":"nosotros-y-galeria","status":"publish","type":"page","link":"https:\/\/mugar.cl\/nuevo\/nosotros-y-galeria\/","title":{"rendered":"Nosotros y Galer\u00eda"},"content":{"rendered":"\t\t<div data-elementor-type=\"wp-page\" data-elementor-id=\"378\" class=\"elementor elementor-378\" data-elementor-settings=\"[]\">\n\t\t\t\t\t\t\t<div class=\"elementor-section-wrap\">\n\t\t\t\t\t\t\t<section class=\"elementor-section elementor-top-section elementor-element elementor-element-7575151 elementor-section-full_width elementor-section-height-default elementor-section-height-default\" data-id=\"7575151\" data-element_type=\"section\" data-settings=\"{&quot;background_background&quot;:&quot;classic&quot;}\">\n\t\t\t\t\t\t<div class=\"elementor-container elementor-column-gap-no\">\n\t\t\t\t\t<div class=\"elementor-column elementor-col-50 elementor-top-column elementor-element elementor-element-cb76eb5\" data-id=\"cb76eb5\" data-element_type=\"column\">\n\t\t\t<div class=\"elementor-widget-wrap elementor-element-populated\">\n\t\t\t\t\t\t\t\t<div class=\"elementor-element elementor-element-a91d2c2 elementor-view-default elementor-widget elementor-widget-icon\" data-id=\"a91d2c2\" data-element_type=\"widget\" data-widget_type=\"icon.default\">\n\t\t\t\t<div class=\"elementor-widget-container\">\n\t\t\t\t\t<div class=\"elementor-icon-wrapper\">\n\t\t\t<div class=\"elementor-icon\">\n\t\t\t<i aria-hidden=\"true\" class=\"fas fa-grip-lines-vertical\"><\/i>\t\t\t<\/div>\n\t\t<\/div>\n\t\t\t\t<\/div>\n\t\t\t\t<\/div>\n\t\t\t\t\t<\/div>\n\t\t<\/div>\n\t\t\t\t<div class=\"elementor-column elementor-col-50 elementor-top-column elementor-element elementor-element-9768bde\" data-id=\"9768bde\" data-element_type=\"column\">\n\t\t\t<div class=\"elementor-widget-wrap elementor-element-populated\">\n\t\t\t\t\t\t\t\t<div class=\"elementor-element elementor-element-82b6297 elementor-widget elementor-widget-heading\" data-id=\"82b6297\" data-element_type=\"widget\" data-widget_type=\"heading.default\">\n\t\t\t\t<div class=\"elementor-widget-container\">\n\t\t\t<h3 class=\"elementor-heading-title elementor-size-xxl\">NOSOTROS <\/h3>\t\t<\/div>\n\t\t\t\t<\/div>\n\t\t\t\t\t<\/div>\n\t\t<\/div>\n\t\t\t\t\t\t\t<\/div>\n\t\t<\/section>\n\t\t\t\t<section class=\"elementor-section elementor-top-section elementor-element elementor-element-3e07538 elementor-section-full_width elementor-section-height-default elementor-section-height-default\" data-id=\"3e07538\" data-element_type=\"section\">\n\t\t\t\t\t\t<div class=\"elementor-container elementor-column-gap-no\">\n\t\t\t\t\t<div class=\"elementor-column elementor-col-33 elementor-top-column elementor-element elementor-element-4345bb8\" data-id=\"4345bb8\" data-element_type=\"column\">\n\t\t\t<div class=\"elementor-widget-wrap elementor-element-populated\">\n\t\t\t\t\t\t\t\t<div class=\"elementor-element elementor-element-76d4b6c elementor-widget elementor-widget-image\" data-id=\"76d4b6c\" data-element_type=\"widget\" data-widget_type=\"image.default\">\n\t\t\t\t<div class=\"elementor-widget-container\">\n\t\t\t\t\t<div class=\"elementor-image\">\n\t\t\t\t\t\t\t\t\t\t<img width=\"500\" height=\"600\" src=\"https:\/\/mugar.cl\/wp-content\/uploads\/2021\/01\/nosotros-500x600px.png\" class=\"attachment-full size-full\" alt=\"\" loading=\"lazy\" srcset=\"https:\/\/mugar.cl\/wp-content\/uploads\/2021\/01\/nosotros-500x600px.png 500w, https:\/\/mugar.cl\/wp-content\/uploads\/2021\/01\/nosotros-500x600px-250x300.png 250w\" sizes=\"(max-width: 34.9rem) calc(100vw - 2rem), (max-width: 53rem) calc(8 * (100vw \/ 12)), (min-width: 53rem) calc(6 * (100vw \/ 12)), 100vw\" \/>\t\t\t\t\t\t\t\t\t\t\t<\/div>\n\t\t\t\t<\/div>\n\t\t\t\t<\/div>\n\t\t\t\t\t<\/div>\n\t\t<\/div>\n\t\t\t\t<div class=\"elementor-column elementor-col-66 elementor-top-column elementor-element elementor-element-ea9ca52\" data-id=\"ea9ca52\" data-element_type=\"column\">\n\t\t\t<div class=\"elementor-widget-wrap elementor-element-populated\">\n\t\t\t\t\t\t\t\t<div class=\"elementor-element elementor-element-66c33d4 elementor-widget elementor-widget-text-editor\" data-id=\"66c33d4\" data-element_type=\"widget\" data-widget_type=\"text-editor.default\">\n\t\t\t\t<div class=\"elementor-widget-container\">\n\t\t\t\t\t<div class=\"elementor-text-editor elementor-clearfix\"><p>Somos un taller mec\u00e1nico multimarca conformado por 2 socios, con una planta libre de 350mts, ubicada en la comuna de San Joaqu\u00edn.<\/p><p>Tenemos experiencia en la resoluci\u00f3n de problemas mec\u00e1nicos avanzados, podemos ejecutar desde una mantenci\u00f3n b\u00e1sica por kilometraje hasta un ajuste de motor completo y la capacidad de encontrar todo tipo de repuestos, nuestra infraestructura nos permite cumplir con los tiempos de entrega.<\/p><p>Contamos con un equipo profesional de trabajo conformado por 6 personas, nuestra principal cualidad es ser honestos en todo sentido con nuestros clientes, responsables con los cuidados de los veh\u00edculos y cumplir en todos los aspectos al momento de confiar sus veh\u00edculos con nosotros, nos preocupamos de coordinar y organizar las entregas y retiros, tambi\u00e9n en dar un buen servicio en las garant\u00edas o post servicio de cada veh\u00edculo, ya que tenemos los motores en nuestra sangre.<\/p><h3>\u200bLos esperamos.<\/h3><\/div>\n\t\t\t\t<\/div>\n\t\t\t\t<\/div>\n\t\t\t\t\t<\/div>\n\t\t<\/div>\n\t\t\t\t\t\t\t<\/div>\n\t\t<\/section>\n\t\t\t\t<section class=\"elementor-section elementor-top-section elementor-element elementor-element-869250d elementor-section-full_width elementor-section-height-default elementor-section-height-default\" data-id=\"869250d\" data-element_type=\"section\" data-settings=\"{&quot;background_background&quot;:&quot;classic&quot;}\">\n\t\t\t\t\t\t<div class=\"elementor-container elementor-column-gap-no\">\n\t\t\t\t\t<div class=\"elementor-column elementor-col-50 elementor-top-column elementor-element elementor-element-122cf69\" data-id=\"122cf69\" data-element_type=\"column\">\n\t\t\t<div class=\"elementor-widget-wrap elementor-element-populated\">\n\t\t\t\t\t\t\t\t<div class=\"elementor-element elementor-element-c2cef8a elementor-view-default elementor-widget elementor-widget-icon\" data-id=\"c2cef8a\" data-element_type=\"widget\" data-widget_type=\"icon.default\">\n\t\t\t\t<div class=\"elementor-widget-container\">\n\t\t\t\t\t<div class=\"elementor-icon-wrapper\">\n\t\t\t<div class=\"elementor-icon\">\n\t\t\t<i aria-hidden=\"true\" class=\"fas fa-grip-lines-vertical\"><\/i>\t\t\t<\/div>\n\t\t<\/div>\n\t\t\t\t<\/div>\n\t\t\t\t<\/div>\n\t\t\t\t\t<\/div>\n\t\t<\/div>\n\t\t\t\t<div class=\"elementor-column elementor-col-50 elementor-top-column elementor-element elementor-element-42b0672\" data-id=\"42b0672\" data-element_type=\"column\">\n\t\t\t<div class=\"elementor-widget-wrap elementor-element-populated\">\n\t\t\t\t\t\t\t\t<div class=\"elementor-element elementor-element-262d6f4 elementor-widget elementor-widget-heading\" data-id=\"262d6f4\" data-element_type=\"widget\" data-widget_type=\"heading.default\">\n\t\t\t\t<div class=\"elementor-widget-container\">\n\t\t\t<h3 class=\"elementor-heading-title elementor-size-xxl\">GALER\u00cdA<\/h3>\t\t<\/div>\n\t\t\t\t<\/div>\n\t\t\t\t\t<\/div>\n\t\t<\/div>\n\t\t\t\t\t\t\t<\/div>\n\t\t<\/section>\n\t\t\t\t<section class=\"elementor-section elementor-top-section elementor-element elementor-element-5878fa1 elementor-section-boxed elementor-section-height-default elementor-section-height-default\" data-id=\"5878fa1\" data-element_type=\"section\">\n\t\t\t\t\t\t<div class=\"elementor-container elementor-column-gap-default\">\n\t\t\t\t\t<div class=\"elementor-column elementor-col-100 elementor-top-column elementor-element elementor-element-c1c6fd1\" data-id=\"c1c6fd1\" data-element_type=\"column\">\n\t\t\t<div class=\"elementor-widget-wrap elementor-element-populated\">\n\t\t\t\t\t\t\t\t<div class=\"elementor-element elementor-element-4ace43a elementor-widget elementor-widget-image-gallery\" data-id=\"4ace43a\" data-element_type=\"widget\" data-widget_type=\"image-gallery.default\">\n\t\t\t\t<div class=\"elementor-widget-container\">\n\t\t\t\t\t<div class=\"elementor-image-gallery\">\n\t\t\t<div id='gallery-1' class='gallery galleryid-378 gallery-columns-3 gallery-size-medium'><figure class='gallery-item'>\n\t\t\t<div class='gallery-icon landscape'>\n\t\t\t\t<a data-elementor-open-lightbox=\"yes\" data-elementor-lightbox-slideshow=\"4ace43a\" data-elementor-lightbox-title=\"Inicio-galeria-400x350px---2\" href='https:\/\/mugar.cl\/wp-content\/uploads\/2021\/01\/Inicio-galeria-400x350px-2.png'><img width=\"300\" height=\"263\" src=\"https:\/\/mugar.cl\/wp-content\/uploads\/2021\/01\/Inicio-galeria-400x350px-2-300x263.png\" class=\"attachment-medium size-medium\" alt=\"\" loading=\"lazy\" srcset=\"https:\/\/mugar.cl\/wp-content\/uploads\/2021\/01\/Inicio-galeria-400x350px-2-300x263.png 300w, https:\/\/mugar.cl\/wp-content\/uploads\/2021\/01\/Inicio-galeria-400x350px-2.png 400w\" sizes=\"(max-width: 34.9rem) calc(100vw - 2rem), (max-width: 53rem) calc(8 * (100vw \/ 12)), (min-width: 53rem) calc(6 * (100vw \/ 12)), 100vw\" \/><\/a>\n\t\t\t<\/div><\/figure><figure class='gallery-item'>\n\t\t\t<div class='gallery-icon landscape'>\n\t\t\t\t<a data-elementor-open-lightbox=\"yes\" data-elementor-lightbox-slideshow=\"4ace43a\" data-elementor-lightbox-title=\"Inicio-galeria---400x350px\" href='https:\/\/mugar.cl\/wp-content\/uploads\/2021\/01\/Inicio-galeria-400x350px.png'><img width=\"300\" height=\"263\" src=\"https:\/\/mugar.cl\/wp-content\/uploads\/2021\/01\/Inicio-galeria-400x350px-300x263.png\" class=\"attachment-medium size-medium\" alt=\"\" loading=\"lazy\" srcset=\"https:\/\/mugar.cl\/wp-content\/uploads\/2021\/01\/Inicio-galeria-400x350px-300x263.png 300w, https:\/\/mugar.cl\/wp-content\/uploads\/2021\/01\/Inicio-galeria-400x350px.png 400w\" sizes=\"(max-width: 34.9rem) calc(100vw - 2rem), (max-width: 53rem) calc(8 * (100vw \/ 12)), (min-width: 53rem) calc(6 * (100vw \/ 12)), 100vw\" \/><\/a>\n\t\t\t<\/div><\/figure><figure class='gallery-item'>\n\t\t\t<div class='gallery-icon landscape'>\n\t\t\t\t<a data-elementor-open-lightbox=\"yes\" data-elementor-lightbox-slideshow=\"4ace43a\" data-elementor-lightbox-title=\"Inicio-galeria-400x350px---3\" href='https:\/\/mugar.cl\/wp-content\/uploads\/2021\/01\/Inicio-galeria-400x350px-3.png'><img width=\"300\" height=\"263\" src=\"https:\/\/mugar.cl\/wp-content\/uploads\/2021\/01\/Inicio-galeria-400x350px-3-300x263.png\" class=\"attachment-medium size-medium\" alt=\"\" loading=\"lazy\" srcset=\"https:\/\/mugar.cl\/wp-content\/uploads\/2021\/01\/Inicio-galeria-400x350px-3-300x263.png 300w, https:\/\/mugar.cl\/wp-content\/uploads\/2021\/01\/Inicio-galeria-400x350px-3.png 400w\" sizes=\"(max-width: 34.9rem) calc(100vw - 2rem), (max-width: 53rem) calc(8 * (100vw \/ 12)), (min-width: 53rem) calc(6 * (100vw \/ 12)), 100vw\" \/><\/a>\n\t\t\t<\/div><\/figure>\n\t\t<\/div>\n\t\t<\/div>\n\t\t\t\t<\/div>\n\t\t\t\t<\/div>\n\t\t\t\t<div class=\"elementor-element elementor-element-60df221 elementor-widget elementor-widget-image-gallery\" data-id=\"60df221\" data-element_type=\"widget\" data-widget_type=\"image-gallery.default\">\n\t\t\t\t<div class=\"elementor-widget-container\">\n\t\t\t\t\t<div class=\"elementor-image-gallery\">\n\t\t\t<div id='gallery-2' class='gallery galleryid-378 gallery-columns-3 gallery-size-medium'><figure class='gallery-item'>\n\t\t\t<div class='gallery-icon landscape'>\n\t\t\t\t<a data-elementor-open-lightbox=\"yes\" data-elementor-lightbox-slideshow=\"60df221\" data-elementor-lightbox-title=\"Inicio-galeria-400x350px---2\" href='https:\/\/mugar.cl\/wp-content\/uploads\/2021\/01\/Inicio-galeria-400x350px-2.png'><img width=\"300\" height=\"263\" src=\"https:\/\/mugar.cl\/wp-content\/uploads\/2021\/01\/Inicio-galeria-400x350px-2-300x263.png\" class=\"attachment-medium size-medium\" alt=\"\" loading=\"lazy\" srcset=\"https:\/\/mugar.cl\/wp-content\/uploads\/2021\/01\/Inicio-galeria-400x350px-2-300x263.png 300w, https:\/\/mugar.cl\/wp-content\/uploads\/2021\/01\/Inicio-galeria-400x350px-2.png 400w\" sizes=\"(max-width: 34.9rem) calc(100vw - 2rem), (max-width: 53rem) calc(8 * (100vw \/ 12)), (min-width: 53rem) calc(6 * (100vw \/ 12)), 100vw\" \/><\/a>\n\t\t\t<\/div><\/figure><figure class='gallery-item'>\n\t\t\t<div class='gallery-icon landscape'>\n\t\t\t\t<a data-elementor-open-lightbox=\"yes\" data-elementor-lightbox-slideshow=\"60df221\" data-elementor-lightbox-title=\"Inicio-galeria---400x350px\" href='https:\/\/mugar.cl\/wp-content\/uploads\/2021\/01\/Inicio-galeria-400x350px.png'><img width=\"300\" height=\"263\" src=\"https:\/\/mugar.cl\/wp-content\/uploads\/2021\/01\/Inicio-galeria-400x350px-300x263.png\" class=\"attachment-medium size-medium\" alt=\"\" loading=\"lazy\" srcset=\"https:\/\/mugar.cl\/wp-content\/uploads\/2021\/01\/Inicio-galeria-400x350px-300x263.png 300w, https:\/\/mugar.cl\/wp-content\/uploads\/2021\/01\/Inicio-galeria-400x350px.png 400w\" sizes=\"(max-width: 34.9rem) calc(100vw - 2rem), (max-width: 53rem) calc(8 * (100vw \/ 12)), (min-width: 53rem) calc(6 * (100vw \/ 12)), 100vw\" \/><\/a>\n\t\t\t<\/div><\/figure><figure class='gallery-item'>\n\t\t\t<div class='gallery-icon landscape'>\n\t\t\t\t<a data-elementor-open-lightbox=\"yes\" data-elementor-lightbox-slideshow=\"60df221\" data-elementor-lightbox-title=\"Inicio-galeria-400x350px---3\" href='https:\/\/mugar.cl\/wp-content\/uploads\/2021\/01\/Inicio-galeria-400x350px-3.png'><img width=\"300\" height=\"263\" src=\"https:\/\/mugar.cl\/wp-content\/uploads\/2021\/01\/Inicio-galeria-400x350px-3-300x263.png\" class=\"attachment-medium size-medium\" alt=\"\" loading=\"lazy\" srcset=\"https:\/\/mugar.cl\/wp-content\/uploads\/2021\/01\/Inicio-galeria-400x350px-3-300x263.png 300w, https:\/\/mugar.cl\/wp-content\/uploads\/2021\/01\/Inicio-galeria-400x350px-3.png 400w\" sizes=\"(max-width: 34.9rem) calc(100vw - 2rem), (max-width: 53rem) calc(8 * (100vw \/ 12)), (min-width: 53rem) calc(6 * (100vw \/ 12)), 100vw\" \/><\/a>\n\t\t\t<\/div><\/figure>\n\t\t<\/div>\n\t\t<\/div>\n\t\t\t\t<\/div>\n\t\t\t\t<\/div>\n\t\t\t\t<div class=\"elementor-element elementor-element-e58bbf5 elementor-widget elementor-widget-image-gallery\" data-id=\"e58bbf5\" data-element_type=\"widget\" data-widget_type=\"image-gallery.default\">\n\t\t\t\t<div class=\"elementor-widget-container\">\n\t\t\t\t\t<div class=\"elementor-image-gallery\">\n\t\t\t<div id='gallery-3' class='gallery galleryid-378 gallery-columns-3 gallery-size-medium'><figure class='gallery-item'>\n\t\t\t<div class='gallery-icon landscape'>\n\t\t\t\t<a data-elementor-open-lightbox=\"yes\" data-elementor-lightbox-slideshow=\"e58bbf5\" data-elementor-lightbox-title=\"Inicio-galeria-400x350px---2\" href='https:\/\/mugar.cl\/wp-content\/uploads\/2021\/01\/Inicio-galeria-400x350px-2.png'><img width=\"300\" height=\"263\" src=\"https:\/\/mugar.cl\/wp-content\/uploads\/2021\/01\/Inicio-galeria-400x350px-2-300x263.png\" class=\"attachment-medium size-medium\" alt=\"\" loading=\"lazy\" srcset=\"https:\/\/mugar.cl\/wp-content\/uploads\/2021\/01\/Inicio-galeria-400x350px-2-300x263.png 300w, https:\/\/mugar.cl\/wp-content\/uploads\/2021\/01\/Inicio-galeria-400x350px-2.png 400w\" sizes=\"(max-width: 34.9rem) calc(100vw - 2rem), (max-width: 53rem) calc(8 * (100vw \/ 12)), (min-width: 53rem) calc(6 * (100vw \/ 12)), 100vw\" \/><\/a>\n\t\t\t<\/div><\/figure><figure class='gallery-item'>\n\t\t\t<div class='gallery-icon landscape'>\n\t\t\t\t<a data-elementor-open-lightbox=\"yes\" data-elementor-lightbox-slideshow=\"e58bbf5\" data-elementor-lightbox-title=\"Inicio-galeria---400x350px\" href='https:\/\/mugar.cl\/wp-content\/uploads\/2021\/01\/Inicio-galeria-400x350px.png'><img width=\"300\" height=\"263\" src=\"https:\/\/mugar.cl\/wp-content\/uploads\/2021\/01\/Inicio-galeria-400x350px-300x263.png\" class=\"attachment-medium size-medium\" alt=\"\" loading=\"lazy\" srcset=\"https:\/\/mugar.cl\/wp-content\/uploads\/2021\/01\/Inicio-galeria-400x350px-300x263.png 300w, https:\/\/mugar.cl\/wp-content\/uploads\/2021\/01\/Inicio-galeria-400x350px.png 400w\" sizes=\"(max-width: 34.9rem) calc(100vw - 2rem), (max-width: 53rem) calc(8 * (100vw \/ 12)), (min-width: 53rem) calc(6 * (100vw \/ 12)), 100vw\" \/><\/a>\n\t\t\t<\/div><\/figure><figure class='gallery-item'>\n\t\t\t<div class='gallery-icon landscape'>\n\t\t\t\t<a data-elementor-open-lightbox=\"yes\" data-elementor-lightbox-slideshow=\"e58bbf5\" data-elementor-lightbox-title=\"Inicio-galeria-400x350px---3\" href='https:\/\/mugar.cl\/wp-content\/uploads\/2021\/01\/Inicio-galeria-400x350px-3.png'><img width=\"300\" height=\"263\" src=\"https:\/\/mugar.cl\/wp-content\/uploads\/2021\/01\/Inicio-galeria-400x350px-3-300x263.png\" class=\"attachment-medium size-medium\" alt=\"\" loading=\"lazy\" srcset=\"https:\/\/mugar.cl\/wp-content\/uploads\/2021\/01\/Inicio-galeria-400x350px-3-300x263.png 300w, https:\/\/mugar.cl\/wp-content\/uploads\/2021\/01\/Inicio-galeria-400x350px-3.png 400w\" sizes=\"(max-width: 34.9rem) calc(100vw - 2rem), (max-width: 53rem) calc(8 * (100vw \/ 12)), (min-width: 53rem) calc(6 * (100vw \/ 12)), 100vw\" \/><\/a>\n\t\t\t<\/div><\/figure>\n\t\t<\/div>\n\t\t<\/div>\n\t\t\t\t<\/div>\n\t\t\t\t<\/div>\n\t\t\t\t\t<\/div>\n\t\t<\/div>\n\t\t\t\t\t\t\t<\/div>\n\t\t<\/section>\n\t\t\t\t\t\t<\/div>\n\t\t\t\t\t<\/div>\n\t\t","protected":false},"excerpt":{"rendered":"<p>NOSOTROS Somos un taller mec\u00e1nico multimarca conformado por 2 socios, con una planta libre de 350mts, ubicada en la comuna de San Joaqu\u00edn. Tenemos experiencia en la resoluci\u00f3n de problemas mec\u00e1nicos avanzados, podemos ejecutar desde una mantenci\u00f3n b\u00e1sica por kilometraje hasta un ajuste de motor completo y la capacidad de encontrar todo tipo de repuestos, [&hellip;]<\/p>\n","protected":false},"author":1,"featured_media":0,"parent":0,"menu_order":0,"comment_status":"closed","ping_status":"closed","template":"elementor_canvas","meta":[],"_links":{"self":[{"href":"https:\/\/mugar.cl\/nuevo\/wp-json\/wp\/v2\/pages\/378"}],"collection":[{"href":"https:\/\/mugar.cl\/nuevo\/wp-json\/wp\/v2\/pages"}],"about":[{"href":"https:\/\/mugar.cl\/nuevo\/wp-json\/wp\/v2\/types\/page"}],"author":[{"embeddable":true,"href":"https:\/\/mugar.cl\/nuevo\/wp-json\/wp\/v2\/users\/1"}],"replies":[{"embeddable":true,"href":"https:\/\/mugar.cl\/nuevo\/wp-json\/wp\/v2\/comments?post=378"}],"version-history":[{"count":140,"href":"https:\/\/mugar.cl\/nuevo\/wp-json\/wp\/v2\/pages\/378\/revisions"}],"predecessor-version":[{"id":1920,"href":"https:\/\/mugar.cl\/nuevo\/wp-json\/wp\/v2\/pages\/378\/revisions\/1920"}],"wp:attachment":[{"href":"https:\/\/mugar.cl\/nuevo\/wp-json\/wp\/v2\/media?parent=378"}],"curies":[{"name":"wp","href":"https:\/\/api.w.org\/{rel}","templated":true}]}}